{"id":2291,"date":"2021-11-01T10:25:42","date_gmt":"2021-11-01T10:25:42","guid":{"rendered":"https:\/\/www.soundim.fi\/galleria\/"},"modified":"2021-11-02T08:31:26","modified_gmt":"2021-11-02T08:31:26","slug":"galleria","status":"publish","type":"page","link":"https:\/\/www.soundim.fi\/fi\/galleria\/","title":{"rendered":"GALLERIA"},"content":{"rendered":"<div data-parent=\"true\" class=\"vc_row row-container boomapps_vcrow\" id=\"row-unique-0\"><div class=\"row limit-width row-parent\"><div class=\"wpb_row row-inner\"><div class=\"wpb_column pos-top pos-center align_left column_parent col-lg-12 boomapps_vccolumn single-internal-gutter\"><div class=\"uncol style-light\"  ><div class=\"uncoltable\"><div class=\"uncell  boomapps_vccolumn no-block-padding\" ><div class=\"uncont\"><div class=\"empty-space empty-quart\" ><span class=\"empty-space-inner\"><\/span><\/div>\n<\/div><\/div><\/div><\/div><\/div><script id=\"script-row-unique-0\" data-row=\"script-row-unique-0\" type=\"text\/javascript\" class=\"vc_controls\">UNCODE.initRow(document.getElementById(\"row-unique-0\"));<\/script><\/div><\/div><\/div><div data-parent=\"true\" class=\"vc_row limit-width row-container boomapps_vcrow\" id=\"row-unique-1\"><div class=\"row single-top-padding single-bottom-padding exa-h-padding row-parent\"><div class=\"wpb_row row-inner\"><div class=\"wpb_column pos-top pos-center align_left column_parent col-lg-12 boomapps_vccolumn single-internal-gutter\"><div class=\"uncol style-light\"  ><div class=\"uncoltable\"><div class=\"uncell  boomapps_vccolumn\" ><div class=\"uncont no-block-padding col-custom-width\" style=\"max-width:60%;\"><div id=\"ts-vcsc-image-gallery-6364779\" class=\"ts-image-gallery-wrapper ts-kraut-lightbox-frame   \" data-style=\"grid\" data-break-parents=\"6\" data-inline=\"false\" style=\"margin-top: 0px; margin-bottom: 0px; position: relative;\"><div id=\"ts-vcsc-image-gallery-6364779-grid\" class=\"ts-lightbox-gallery-grid\"><a style=\"width: 20%; height: 100%; display: inline-block; margin: 0; padding: 0;; display: none;\" id=\"krautgroup6364779-0\" href=\"https:\/\/www.soundim.fi\/wp-content\/uploads\/2017\/11\/DSC_1786-2.jpg\" target=\"_blank\" data-preview=\"https:\/\/www.soundim.fi\/wp-content\/uploads\/2017\/11\/DSC_1786-2-600x399.jpg\" data-thumbnail=\"https:\/\/www.soundim.fi\/wp-content\/uploads\/2017\/11\/DSC_1786-2-600x399.jpg\" data-include=\"true\" data-hover=\"\" data-alt=\"\" data-title=\"J\u00e4rvenp\u00e4\u00e4, first test track, installed 2012\" data-groups=\"\" class=\"kraut-lightbox-media no-ajaxy ts-hover-image krautgroup6364779 nofancybox\" rel=\"krautgroup6364779\" data-effect=\"simpleSwitch\" data-color=\"remove\" data-nohashes=\"true\" data-usecors=\"global\" data-save=\"0\" data-share=\"0\" data-no-lazy=\"1\">#1<\/a><a style=\"width: 20%; height: 100%; display: inline-block; margin: 0; padding: 0;; display: none;\" id=\"krautgroup6364779-1\" href=\"https:\/\/www.soundim.fi\/wp-content\/uploads\/2017\/11\/SAM_2082.jpg\" target=\"_blank\" data-preview=\"https:\/\/www.soundim.fi\/wp-content\/uploads\/2017\/11\/SAM_2082-600x450.jpg\" data-thumbnail=\"https:\/\/www.soundim.fi\/wp-content\/uploads\/2017\/11\/SAM_2082-600x450.jpg\" data-include=\"true\" data-hover=\"\" data-alt=\"\" data-title=\"UIC Innovation award ceremony 2012\" data-groups=\"\" class=\"kraut-lightbox-media no-ajaxy ts-hover-image krautgroup6364779 nofancybox\" rel=\"krautgroup6364779\" data-effect=\"simpleSwitch\" data-color=\"remove\" data-nohashes=\"true\" data-usecors=\"global\" data-save=\"0\" data-share=\"0\" data-no-lazy=\"1\">#2<\/a><a style=\"width: 20%; height: 100%; display: inline-block; margin: 0; padding: 0;; display: none;\" id=\"krautgroup6364779-2\" href=\"https:\/\/www.soundim.fi\/wp-content\/uploads\/2017\/11\/SAM_2233.jpg\" target=\"_blank\" data-preview=\"https:\/\/www.soundim.fi\/wp-content\/uploads\/2017\/11\/SAM_2233-600x450.jpg\" data-thumbnail=\"https:\/\/www.soundim.fi\/wp-content\/uploads\/2017\/11\/SAM_2233-600x450.jpg\" data-include=\"true\" data-hover=\"\" data-alt=\"\" data-title=\"Two different barrier heights, Tampere 2013\" data-groups=\"\" class=\"kraut-lightbox-media no-ajaxy ts-hover-image krautgroup6364779 nofancybox\" rel=\"krautgroup6364779\" data-effect=\"simpleSwitch\" data-color=\"remove\" data-nohashes=\"true\" data-usecors=\"global\" data-save=\"0\" data-share=\"0\" data-no-lazy=\"1\">#3<\/a><a style=\"width: 20%; height: 100%; display: inline-block; margin: 0; padding: 0;; display: none;\" id=\"krautgroup6364779-3\" href=\"https:\/\/www.soundim.fi\/wp-content\/uploads\/2017\/11\/IMG_0579.jpg\" target=\"_blank\" data-preview=\"https:\/\/www.soundim.fi\/wp-content\/uploads\/2017\/11\/IMG_0579-450x600.jpg\" data-thumbnail=\"https:\/\/www.soundim.fi\/wp-content\/uploads\/2017\/11\/IMG_0579-450x600.jpg\" data-include=\"true\" data-hover=\"\" data-alt=\"\" data-title=\"Installing fixing poles at Circle Line 2014\" data-groups=\"\" class=\"kraut-lightbox-media no-ajaxy ts-hover-image krautgroup6364779 nofancybox\" rel=\"krautgroup6364779\" data-effect=\"simpleSwitch\" data-color=\"remove\" data-nohashes=\"true\" data-usecors=\"global\" data-save=\"0\" data-share=\"0\" data-no-lazy=\"1\">#4<\/a><a style=\"width: 20%; height: 100%; display: inline-block; margin: 0; padding: 0;; display: none;\" id=\"krautgroup6364779-4\" href=\"https:\/\/www.soundim.fi\/wp-content\/uploads\/2017\/11\/IMG_6433.jpg\" target=\"_blank\" data-preview=\"https:\/\/www.soundim.fi\/wp-content\/uploads\/2017\/11\/IMG_6433-600x450.jpg\" data-thumbnail=\"https:\/\/www.soundim.fi\/wp-content\/uploads\/2017\/11\/IMG_6433-600x450.jpg\" data-include=\"true\" data-hover=\"\" data-alt=\"\" data-title=\"Barrier installed at curved bridge, Circle Line, Vantaa 2014\" data-groups=\"\" class=\"kraut-lightbox-media no-ajaxy ts-hover-image krautgroup6364779 nofancybox\" rel=\"krautgroup6364779\" data-effect=\"simpleSwitch\" data-color=\"remove\" data-nohashes=\"true\" data-usecors=\"global\" data-save=\"0\" data-share=\"0\" data-no-lazy=\"1\">#5<\/a><a style=\"width: 20%; height: 100%; display: inline-block; margin: 0; padding: 0;; display: none;\" id=\"krautgroup6364779-5\" href=\"https:\/\/www.soundim.fi\/wp-content\/uploads\/2017\/11\/IMG_2682.jpg\" target=\"_blank\" data-preview=\"https:\/\/www.soundim.fi\/wp-content\/uploads\/2017\/11\/IMG_2682-600x400.jpg\" data-thumbnail=\"https:\/\/www.soundim.fi\/wp-content\/uploads\/2017\/11\/IMG_2682-600x400.jpg\" data-include=\"true\" data-hover=\"\" data-alt=\"\" data-title=\"Steel Mesh at MGA, Russia 2016\" data-groups=\"\" class=\"kraut-lightbox-media no-ajaxy ts-hover-image krautgroup6364779 nofancybox\" rel=\"krautgroup6364779\" data-effect=\"simpleSwitch\" data-color=\"remove\" data-nohashes=\"true\" data-usecors=\"global\" data-save=\"0\" data-share=\"0\" data-no-lazy=\"1\">#6<\/a><a style=\"width: 20%; height: 100%; display: inline-block; margin: 0; padding: 0;; display: none;\" id=\"krautgroup6364779-6\" href=\"https:\/\/www.soundim.fi\/wp-content\/uploads\/2017\/11\/IMG_2693.jpg\" target=\"_blank\" data-preview=\"https:\/\/www.soundim.fi\/wp-content\/uploads\/2017\/11\/IMG_2693-600x400.jpg\" data-thumbnail=\"https:\/\/www.soundim.fi\/wp-content\/uploads\/2017\/11\/IMG_2693-600x400.jpg\" data-include=\"true\" data-hover=\"\" data-alt=\"\" data-title=\"MGA, St. Petersburg, Russia 2016\" data-groups=\"\" class=\"kraut-lightbox-media no-ajaxy ts-hover-image krautgroup6364779 nofancybox\" rel=\"krautgroup6364779\" data-effect=\"simpleSwitch\" data-color=\"remove\" data-nohashes=\"true\" data-usecors=\"global\" data-save=\"0\" data-share=\"0\" data-no-lazy=\"1\">#7<\/a><a style=\"width: 20%; height: 100%; display: inline-block; margin: 0; padding: 0;; display: none;\" id=\"krautgroup6364779-7\" href=\"https:\/\/www.soundim.fi\/wp-content\/uploads\/2017\/11\/IMG_0740.jpg\" target=\"_blank\" data-preview=\"https:\/\/www.soundim.fi\/wp-content\/uploads\/2017\/11\/IMG_0740-448x600.jpg\" data-thumbnail=\"https:\/\/www.soundim.fi\/wp-content\/uploads\/2017\/11\/IMG_0740-448x600.jpg\" data-include=\"true\" data-hover=\"\" data-alt=\"\" data-title=\"RUS model, bolts are hidden inside the structure\" data-groups=\"\" class=\"kraut-lightbox-media no-ajaxy ts-hover-image krautgroup6364779 nofancybox\" rel=\"krautgroup6364779\" data-effect=\"simpleSwitch\" data-color=\"remove\" data-nohashes=\"true\" data-usecors=\"global\" data-save=\"0\" data-share=\"0\" data-no-lazy=\"1\">#8<\/a><a style=\"width: 20%; height: 100%; display: inline-block; margin: 0; padding: 0;; display: none;\" id=\"krautgroup6364779-8\" href=\"https:\/\/www.soundim.fi\/wp-content\/uploads\/2017\/11\/3-high-res.jpg\" target=\"_blank\" data-preview=\"https:\/\/www.soundim.fi\/wp-content\/uploads\/2017\/11\/3-high-res-600x338.jpg\" data-thumbnail=\"https:\/\/www.soundim.fi\/wp-content\/uploads\/2017\/11\/3-high-res-600x338.jpg\" data-include=\"true\" data-hover=\"\" data-alt=\"\" data-title=\"3 D model From the noise barrier\" data-groups=\"\" class=\"kraut-lightbox-media no-ajaxy ts-hover-image krautgroup6364779 nofancybox\" rel=\"krautgroup6364779\" data-effect=\"simpleSwitch\" data-color=\"remove\" data-nohashes=\"true\" data-usecors=\"global\" data-save=\"0\" data-share=\"0\" data-no-lazy=\"1\">#9<\/a><a style=\"width: 20%; height: 100%; display: inline-block; margin: 0; padding: 0;; display: none;\" id=\"krautgroup6364779-9\" href=\"https:\/\/www.soundim.fi\/wp-content\/uploads\/2017\/11\/2-high-res.jpg\" target=\"_blank\" data-preview=\"https:\/\/www.soundim.fi\/wp-content\/uploads\/2017\/11\/2-high-res-600x338.jpg\" data-thumbnail=\"https:\/\/www.soundim.fi\/wp-content\/uploads\/2017\/11\/2-high-res-600x338.jpg\" data-include=\"true\" data-hover=\"\" data-alt=\"\" data-title=\"3 D model from the noise barrier\" data-groups=\"\" class=\"kraut-lightbox-media no-ajaxy ts-hover-image krautgroup6364779 nofancybox\" rel=\"krautgroup6364779\" data-effect=\"simpleSwitch\" data-color=\"remove\" data-nohashes=\"true\" data-usecors=\"global\" data-save=\"0\" data-share=\"0\" data-no-lazy=\"1\">#10<\/a><a style=\"width: 20%; height: 100%; display: inline-block; margin: 0; padding: 0;; display: none;\" id=\"krautgroup6364779-10\" href=\"https:\/\/www.soundim.fi\/wp-content\/uploads\/2017\/11\/DJI_0017.jpg\" target=\"_blank\" data-preview=\"https:\/\/www.soundim.fi\/wp-content\/uploads\/2017\/11\/DJI_0017-600x338.jpg\" data-thumbnail=\"https:\/\/www.soundim.fi\/wp-content\/uploads\/2017\/11\/DJI_0017-600x338.jpg\" data-include=\"true\" data-hover=\"\" data-alt=\"\" data-title=\"Drone image from Circle Line, Kivist\u00f6, Helsinki 2017\" data-groups=\"\" class=\"kraut-lightbox-media no-ajaxy ts-hover-image krautgroup6364779 nofancybox\" rel=\"krautgroup6364779\" data-effect=\"simpleSwitch\" data-color=\"remove\" data-nohashes=\"true\" data-usecors=\"global\" data-save=\"0\" data-share=\"0\" data-no-lazy=\"1\">#11<\/a><a style=\"width: 20%; height: 100%; display: inline-block; margin: 0; padding: 0;; display: none;\" id=\"krautgroup6364779-11\" href=\"https:\/\/www.soundim.fi\/wp-content\/uploads\/2017\/11\/soundim4.jpg\" target=\"_blank\" data-preview=\"https:\/\/www.soundim.fi\/wp-content\/uploads\/2017\/11\/soundim4-400x600.jpg\" data-thumbnail=\"https:\/\/www.soundim.fi\/wp-content\/uploads\/2017\/11\/soundim4-400x600.jpg\" data-include=\"true\" data-hover=\"\" data-alt=\"\" data-title=\"Cross section at Circle Line, Kivist\u00f6, Helsinki 2017\" data-groups=\"\" class=\"kraut-lightbox-media no-ajaxy ts-hover-image krautgroup6364779 nofancybox\" rel=\"krautgroup6364779\" data-effect=\"simpleSwitch\" data-color=\"remove\" data-nohashes=\"true\" data-usecors=\"global\" data-save=\"0\" data-share=\"0\" data-no-lazy=\"1\">#12<\/a><a style=\"width: 20%; height: 100%; display: inline-block; margin: 0; padding: 0;; display: none;\" id=\"krautgroup6364779-12\" href=\"https:\/\/www.soundim.fi\/wp-content\/uploads\/2017\/11\/soundim7.jpg\" target=\"_blank\" data-preview=\"https:\/\/www.soundim.fi\/wp-content\/uploads\/2017\/11\/soundim7-600x389.jpg\" data-thumbnail=\"https:\/\/www.soundim.fi\/wp-content\/uploads\/2017\/11\/soundim7-600x389.jpg\" data-include=\"true\" data-hover=\"\" data-alt=\"\" data-title=\"Overlapping barrier zone as an exit, Leinel\u00e4, Vantaa, 2017\" data-groups=\"\" class=\"kraut-lightbox-media no-ajaxy ts-hover-image krautgroup6364779 nofancybox\" rel=\"krautgroup6364779\" data-effect=\"simpleSwitch\" data-color=\"remove\" data-nohashes=\"true\" data-usecors=\"global\" data-save=\"0\" data-share=\"0\" data-no-lazy=\"1\">#13<\/a><a style=\"width: 20%; height: 100%; display: inline-block; margin: 0; padding: 0;; display: none;\" id=\"krautgroup6364779-13\" href=\"https:\/\/www.soundim.fi\/wp-content\/uploads\/2017\/11\/soundim1panoraama.jpg\" target=\"_blank\" data-preview=\"https:\/\/www.soundim.fi\/wp-content\/uploads\/2017\/11\/soundim1panoraama-600x245.jpg\" data-thumbnail=\"https:\/\/www.soundim.fi\/wp-content\/uploads\/2017\/11\/soundim1panoraama-600x245.jpg\" data-include=\"true\" data-hover=\"\" data-alt=\"\" data-title=\"Soundim soundbarrier in use, Malminkartano, Helsinki , Finland\" data-groups=\"\" class=\"kraut-lightbox-media no-ajaxy ts-hover-image krautgroup6364779 nofancybox\" rel=\"krautgroup6364779\" data-effect=\"simpleSwitch\" data-color=\"remove\" data-nohashes=\"true\" data-usecors=\"global\" data-save=\"0\" data-share=\"0\" data-no-lazy=\"1\">#14<\/a><a style=\"width: 20%; height: 100%; display: inline-block; margin: 0; padding: 0;; display: none;\" id=\"krautgroup6364779-14\" href=\"https:\/\/www.soundim.fi\/wp-content\/uploads\/2017\/10\/IMG_0745-Circle-line-installation-barrier-lowered-towards-the-rail.jpg\" target=\"_blank\" data-preview=\"https:\/\/www.soundim.fi\/wp-content\/uploads\/2017\/10\/IMG_0745-Circle-line-installation-barrier-lowered-towards-the-rail-448x600.jpg\" data-thumbnail=\"https:\/\/www.soundim.fi\/wp-content\/uploads\/2017\/10\/IMG_0745-Circle-line-installation-barrier-lowered-towards-the-rail-448x600.jpg\" data-include=\"true\" data-hover=\"\" data-alt=\"\" data-title=\"Circle line installation, barrier lowered towards the rail\" data-groups=\"\" class=\"kraut-lightbox-media no-ajaxy ts-hover-image krautgroup6364779 nofancybox\" rel=\"krautgroup6364779\" data-effect=\"simpleSwitch\" data-color=\"remove\" data-nohashes=\"true\" data-usecors=\"global\" data-save=\"0\" data-share=\"0\" data-no-lazy=\"1\">#15<\/a><a style=\"width: 20%; height: 100%; display: inline-block; margin: 0; padding: 0;; display: none;\" id=\"krautgroup6364779-15\" href=\"https:\/\/www.soundim.fi\/wp-content\/uploads\/2017\/10\/IMG_0742-Circle-Line-installation-light-weight-barrier-can-be-lowered-when-needed-without-crane.jpg\" target=\"_blank\" data-preview=\"https:\/\/www.soundim.fi\/wp-content\/uploads\/2017\/10\/IMG_0742-Circle-Line-installation-light-weight-barrier-can-be-lowered-when-needed-without-crane-448x600.jpg\" data-thumbnail=\"https:\/\/www.soundim.fi\/wp-content\/uploads\/2017\/10\/IMG_0742-Circle-Line-installation-light-weight-barrier-can-be-lowered-when-needed-without-crane-448x600.jpg\" data-random=\"6364779\" data-include=\"true\" data-hover=\"\" data-alt=\"\" data-title=\"Circle Line installation light weight barrier can be lowered when needed without crane\" data-groups=\"\" class=\"kraut-lightbox-media no-ajaxy ts-hover-image krautgroup6364779 nofancybox\" rel=\"krautgroup6364779\" data-effect=\"simpleSwitch\" data-usecors=\"global\" data-save=\"0\" data-share=\"0\" data-play=\"1\" data-autoplay=\"0\" data-duration=\"5000\" data-thumbsize=\"100\" data-thumbs=\"bottom\"  data-color=\"remove\" data-nohashes=\"true\" data-captions=\"true\" data-grid=\"240,480,720,960\" data-gridpreloader=\"false\" data-gridspace=\"2\" data-gridorder=\"false\" data-gridfilter=\"true\" data-gridavailable=\"Available Groups\" data-gridselected=\"Filtered Groups\" data-gridnogroups=\"No Groups\" data-gridtoggle=\"Toggle Filter\" data-gridtogglestyle=\"ts-color-button-belize-hole-flat\" data-gridshowall=\"Show All\" data-gridshowallstyle=\"ts-color-button-green-sea-flat\" data-no-lazy=\"1\">#16<\/a><\/div><\/div><\/div><\/div><\/div><\/div><\/div><script id=\"script-row-unique-1\" data-row=\"script-row-unique-1\" type=\"text\/javascript\" class=\"vc_controls\">UNCODE.initRow(document.getElementById(\"row-unique-1\"));<\/script><\/div><\/div><\/div><div data-parent=\"true\" class=\"vc_row row-container boomapps_vcrow\" id=\"row-unique-2\"><div class=\"row limit-width row-parent\"><div class=\"wpb_row row-inner\"><div class=\"wpb_column pos-top pos-center align_left column_parent col-lg-12 boomapps_vccolumn single-internal-gutter\"><div class=\"uncol style-light\"  ><div class=\"uncoltable\"><div class=\"uncell  boomapps_vccolumn no-block-padding\" ><div class=\"uncont\"><div class=\"empty-space empty-single\" ><span class=\"empty-space-inner\"><\/span><\/div>\n<\/div><\/div><\/div><\/div><\/div><script id=\"script-row-unique-2\" data-row=\"script-row-unique-2\" type=\"text\/javascript\" class=\"vc_controls\">UNCODE.initRow(document.getElementById(\"row-unique-2\"));<\/script><\/div><\/div><\/div>\n","protected":false},"excerpt":{"rendered":"#1#2#3#4#5#6#7#8#9#10#11#12#13#14#15#16","protected":false},"author":1,"featured_media":0,"parent":0,"menu_order":0,"comment_status":"closed","ping_status":"closed","template":"","meta":{"_mi_skip_tracking":false},"yoast_head":"<!-- This site is optimized with the Yoast SEO plugin v17.4 - https:\/\/yoast.com\/wordpress\/plugins\/seo\/ -->\n<title>GALLERIA - Soundim<\/title>\n<meta name=\"robots\" content=\"index, follow, max-snippet:-1, max-image-preview:large, max-video-preview:-1\" \/>\n<link rel=\"canonical\" href=\"https:\/\/www.soundim.fi\/fi\/galleria\/\" \/>\n<meta property=\"og:locale\" content=\"fi_FI\" \/>\n<meta property=\"og:type\" content=\"article\" \/>\n<meta property=\"og:title\" content=\"GALLERIA - Soundim\" \/>\n<meta property=\"og:url\" content=\"https:\/\/www.soundim.fi\/fi\/galleria\/\" \/>\n<meta property=\"og:site_name\" content=\"Soundim\" \/>\n<meta property=\"article:modified_time\" content=\"2021-11-02T08:31:26+00:00\" \/>\n<meta name=\"twitter:card\" content=\"summary_large_image\" \/>\n<meta name=\"twitter:label1\" content=\"Arvioitu lukuaika\" \/>\n\t<meta name=\"twitter:data1\" content=\"1 minuutti\" \/>\n<script type=\"application\/ld+json\" class=\"yoast-schema-graph\">{\"@context\":\"https:\/\/schema.org\",\"@graph\":[{\"@type\":\"Organization\",\"@id\":\"https:\/\/www.soundim.fi\/fi\/#organization\",\"name\":\"Soundim\",\"url\":\"https:\/\/www.soundim.fi\/fi\/\",\"sameAs\":[],\"logo\":{\"@type\":\"ImageObject\",\"@id\":\"https:\/\/www.soundim.fi\/fi\/#logo\",\"inLanguage\":\"fi\",\"url\":\"http:\/\/www.soundim.fi\/wp-content\/uploads\/2017\/10\/soundim_logo_II.png\",\"contentUrl\":\"http:\/\/www.soundim.fi\/wp-content\/uploads\/2017\/10\/soundim_logo_II.png\",\"width\":496,\"height\":99,\"caption\":\"Soundim\"},\"image\":{\"@id\":\"https:\/\/www.soundim.fi\/fi\/#logo\"}},{\"@type\":\"WebSite\",\"@id\":\"https:\/\/www.soundim.fi\/fi\/#website\",\"url\":\"https:\/\/www.soundim.fi\/fi\/\",\"name\":\"Soundim\",\"description\":\"Soundim\",\"publisher\":{\"@id\":\"https:\/\/www.soundim.fi\/fi\/#organization\"},\"potentialAction\":[{\"@type\":\"SearchAction\",\"target\":{\"@type\":\"EntryPoint\",\"urlTemplate\":\"https:\/\/www.soundim.fi\/fi\/?s={search_term_string}\"},\"query-input\":\"required name=search_term_string\"}],\"inLanguage\":\"fi\"},{\"@type\":\"WebPage\",\"@id\":\"https:\/\/www.soundim.fi\/fi\/galleria\/#webpage\",\"url\":\"https:\/\/www.soundim.fi\/fi\/galleria\/\",\"name\":\"GALLERIA - Soundim\",\"isPartOf\":{\"@id\":\"https:\/\/www.soundim.fi\/fi\/#website\"},\"datePublished\":\"2021-11-01T10:25:42+00:00\",\"dateModified\":\"2021-11-02T08:31:26+00:00\",\"breadcrumb\":{\"@id\":\"https:\/\/www.soundim.fi\/fi\/galleria\/#breadcrumb\"},\"inLanguage\":\"fi\",\"potentialAction\":[{\"@type\":\"ReadAction\",\"target\":[\"https:\/\/www.soundim.fi\/fi\/galleria\/\"]}]},{\"@type\":\"BreadcrumbList\",\"@id\":\"https:\/\/www.soundim.fi\/fi\/galleria\/#breadcrumb\",\"itemListElement\":[{\"@type\":\"ListItem\",\"position\":1,\"name\":\"Home\",\"item\":\"https:\/\/www.soundim.fi\/fi\/\"},{\"@type\":\"ListItem\",\"position\":2,\"name\":\"GALLERIA\"}]}]}<\/script>\n<!-- \/ Yoast SEO plugin. -->","yoast_head_json":{"title":"GALLERIA - Soundim","robots":{"index":"index","follow":"follow","max-snippet":"max-snippet:-1","max-image-preview":"max-image-preview:large","max-video-preview":"max-video-preview:-1"},"canonical":"https:\/\/www.soundim.fi\/fi\/galleria\/","og_locale":"fi_FI","og_type":"article","og_title":"GALLERIA - Soundim","og_url":"https:\/\/www.soundim.fi\/fi\/galleria\/","og_site_name":"Soundim","article_modified_time":"2021-11-02T08:31:26+00:00","twitter_card":"summary_large_image","twitter_misc":{"Arvioitu lukuaika":"1 minuutti"},"schema":{"@context":"https:\/\/schema.org","@graph":[{"@type":"Organization","@id":"https:\/\/www.soundim.fi\/fi\/#organization","name":"Soundim","url":"https:\/\/www.soundim.fi\/fi\/","sameAs":[],"logo":{"@type":"ImageObject","@id":"https:\/\/www.soundim.fi\/fi\/#logo","inLanguage":"fi","url":"http:\/\/www.soundim.fi\/wp-content\/uploads\/2017\/10\/soundim_logo_II.png","contentUrl":"http:\/\/www.soundim.fi\/wp-content\/uploads\/2017\/10\/soundim_logo_II.png","width":496,"height":99,"caption":"Soundim"},"image":{"@id":"https:\/\/www.soundim.fi\/fi\/#logo"}},{"@type":"WebSite","@id":"https:\/\/www.soundim.fi\/fi\/#website","url":"https:\/\/www.soundim.fi\/fi\/","name":"Soundim","description":"Soundim","publisher":{"@id":"https:\/\/www.soundim.fi\/fi\/#organization"},"potentialAction":[{"@type":"SearchAction","target":{"@type":"EntryPoint","urlTemplate":"https:\/\/www.soundim.fi\/fi\/?s={search_term_string}"},"query-input":"required name=search_term_string"}],"inLanguage":"fi"},{"@type":"WebPage","@id":"https:\/\/www.soundim.fi\/fi\/galleria\/#webpage","url":"https:\/\/www.soundim.fi\/fi\/galleria\/","name":"GALLERIA - Soundim","isPartOf":{"@id":"https:\/\/www.soundim.fi\/fi\/#website"},"datePublished":"2021-11-01T10:25:42+00:00","dateModified":"2021-11-02T08:31:26+00:00","breadcrumb":{"@id":"https:\/\/www.soundim.fi\/fi\/galleria\/#breadcrumb"},"inLanguage":"fi","potentialAction":[{"@type":"ReadAction","target":["https:\/\/www.soundim.fi\/fi\/galleria\/"]}]},{"@type":"BreadcrumbList","@id":"https:\/\/www.soundim.fi\/fi\/galleria\/#breadcrumb","itemListElement":[{"@type":"ListItem","position":1,"name":"Home","item":"https:\/\/www.soundim.fi\/fi\/"},{"@type":"ListItem","position":2,"name":"GALLERIA"}]}]}},"_links":{"self":[{"href":"https:\/\/www.soundim.fi\/fi\/wp-json\/wp\/v2\/pages\/2291"}],"collection":[{"href":"https:\/\/www.soundim.fi\/fi\/wp-json\/wp\/v2\/pages"}],"about":[{"href":"https:\/\/www.soundim.fi\/fi\/wp-json\/wp\/v2\/types\/page"}],"author":[{"embeddable":true,"href":"https:\/\/www.soundim.fi\/fi\/wp-json\/wp\/v2\/users\/1"}],"replies":[{"embeddable":true,"href":"https:\/\/www.soundim.fi\/fi\/wp-json\/wp\/v2\/comments?post=2291"}],"version-history":[{"count":5,"href":"https:\/\/www.soundim.fi\/fi\/wp-json\/wp\/v2\/pages\/2291\/revisions"}],"predecessor-version":[{"id":2433,"href":"https:\/\/www.soundim.fi\/fi\/wp-json\/wp\/v2\/pages\/2291\/revisions\/2433"}],"wp:attachment":[{"href":"https:\/\/www.soundim.fi\/fi\/wp-json\/wp\/v2\/media?parent=2291"}],"curies":[{"name":"wp","href":"https:\/\/api.w.org\/{rel}","templated":true}]}}